{"id":1146,"date":"2025-08-12T07:00:26","date_gmt":"2025-08-12T07:00:26","guid":{"rendered":"https:\/\/restaurantlabamba.com\/?page_id=1146"},"modified":"2025-08-12T16:33:19","modified_gmt":"2025-08-12T16:33:19","slug":"recipes","status":"publish","type":"page","link":"https:\/\/restaurantlabamba.com\/es\/recipes\/","title":{"rendered":"Recetas"},"content":{"rendered":"<style>.kb-row-layout-id1146_00a2e9-6e > .kt-row-column-wrap{align-content:start;}:where(.kb-row-layout-id1146_00a2e9-6e > .kt-row-column-wrap) > .wp-block-kadence-column{justify-content:start;}.kb-row-layout-id1146_00a2e9-6e > .kt-row-column-wrap{column-gap:var(--global-kb-gap-md, 2rem);row-gap:var(--global-kb-gap-md, 2rem);max-width:800px;margin-left:auto;margin-right:auto;padding-top:100px;padding-right:20px;padding-bottom:100px;padding-left:20px;grid-template-columns:minmax(0, 1fr);}.kb-row-layout-id1146_00a2e9-6e{background-image:url('https:\/\/restaurantlabamba.com\/wp-content\/uploads\/2025\/08\/13309.jpg');background-size:cover;background-position:49% 50%;background-attachment:scroll;background-repeat:no-repeat;}.kb-row-layout-id1146_00a2e9-6e > .kt-row-layout-overlay{opacity:0.65;background-color:var(--global-palette3, #1A202C);}@media all and (max-width: 1024px){.kb-row-layout-id1146_00a2e9-6e > .kt-row-column-wrap{padding-top:115px;padding-right:0px;padding-bottom:80px;padding-left:0px;grid-template-columns:minmax(0, 1fr);}}@media all and (max-width: 767px){.kb-row-layout-id1146_00a2e9-6e > .kt-row-column-wrap{padding-top:110px;padding-right:30px;padding-bottom:60px;padding-left:30px;grid-template-columns:minmax(0, 1fr);}}<\/style><div class=\"kb-row-layout-wrap kb-row-layout-id1146_00a2e9-6e alignnone kt-row-has-bg wp-block-kadence-rowlayout\"><div class=\"kt-row-layout-overlay kt-row-overlay-normal\"><\/div><div class=\"kt-row-column-wrap kt-has-1-columns kt-row-layout-equal kt-tab-layout-inherit kt-mobile-layout-row kt-row-valign-top\">\n<style>.kadence-column1146_8f735f-28 > .kt-inside-inner-col,.kadence-column1146_8f735f-28 > .kt-inside-inner-col:before{border-top-left-radius:0px;border-top-right-radius:0px;border-bottom-right-radius:0px;border-bottom-left-radius:0px;}.kadence-column1146_8f735f-28 > .kt-inside-inner-col{column-gap:var(--global-kb-gap-sm, 1rem);}.kadence-column1146_8f735f-28 > .kt-inside-inner-col{flex-direction:column;}.kadence-column1146_8f735f-28 > .kt-inside-inner-col > .aligncenter{width:100%;}.kadence-column1146_8f735f-28 > .kt-inside-inner-col:before{opacity:0.3;}.kadence-column1146_8f735f-28{position:relative;}@media all and (max-width: 1024px){.kadence-column1146_8f735f-28 > .kt-inside-inner-col{flex-direction:column;justify-content:center;}}@media all and (max-width: 767px){.kadence-column1146_8f735f-28 > .kt-inside-inner-col{flex-direction:column;justify-content:center;}}<\/style>\n<div class=\"wp-block-kadence-column kadence-column1146_8f735f-28 inner-column-1\"><div class=\"kt-inside-inner-col\"><style>.wp-block-kadence-advancedheading.kt-adv-heading1146_f49b65-fb, .wp-block-kadence-advancedheading.kt-adv-heading1146_f49b65-fb[data-kb-block=\"kb-adv-heading1146_f49b65-fb\"]{text-align:center;font-style:normal;}.wp-block-kadence-advancedheading.kt-adv-heading1146_f49b65-fb mark.kt-highlight, .wp-block-kadence-advancedheading.kt-adv-heading1146_f49b65-fb[data-kb-block=\"kb-adv-heading1146_f49b65-fb\"] mark.kt-highlight{font-style:normal;color:#f76a0c;-webkit-box-decoration-break:clone;box-decoration-break:clone;padding-top:0px;padding-right:0px;padding-bottom:0px;padding-left:0px;}.wp-block-kadence-advancedheading.kt-adv-heading1146_f49b65-fb img.kb-inline-image, .wp-block-kadence-advancedheading.kt-adv-heading1146_f49b65-fb[data-kb-block=\"kb-adv-heading1146_f49b65-fb\"] img.kb-inline-image{width:150px;vertical-align:baseline;}<\/style>\n<h1 class=\"kt-adv-heading1146_f49b65-fb wp-block-kadence-advancedheading has-theme-palette-9-color has-text-color\" data-kb-block=\"kb-adv-heading1146_f49b65-fb\">Recipes<\/h1>\n<\/div><\/div>\n\n<\/div><\/div>\n\n<style>.kb-row-layout-id1146_605207-a4 > .kt-row-column-wrap{align-content:start;}:where(.kb-row-layout-id1146_605207-a4 > .kt-row-column-wrap) > .wp-block-kadence-column{justify-content:start;}.kb-row-layout-id1146_605207-a4 > .kt-row-column-wrap{column-gap:var(--global-kb-gap-md, 2rem);row-gap:var(--global-kb-gap-md, 2rem);max-width:var( --global-content-width, 1290px );padding-left:var(--global-content-edge-padding);padding-right:var(--global-content-edge-padding);padding-top:80px;padding-bottom:80px;grid-template-columns:minmax(0, 1fr);}.kb-row-layout-id1146_605207-a4 > .kt-row-layout-overlay{opacity:0.30;}@media all and (max-width: 1024px){.kb-row-layout-id1146_605207-a4 > .kt-row-column-wrap{grid-template-columns:minmax(0, 1fr);}}@media all and (max-width: 767px){.kb-row-layout-id1146_605207-a4 > .kt-row-column-wrap{grid-template-columns:minmax(0, 1fr);}}<\/style><div class=\"kb-row-layout-wrap kb-row-layout-id1146_605207-a4 alignnone wp-block-kadence-rowlayout\"><div class=\"kt-row-column-wrap kt-has-1-columns kt-row-layout-equal kt-tab-layout-inherit kt-mobile-layout-row kt-row-valign-top kb-theme-content-width\">\n<style>.kadence-column1146_c61e2e-c5 > .kt-inside-inner-col,.kadence-column1146_c61e2e-c5 > .kt-inside-inner-col:before{border-top-left-radius:0px;border-top-right-radius:0px;border-bottom-right-radius:0px;border-bottom-left-radius:0px;}.kadence-column1146_c61e2e-c5 > .kt-inside-inner-col{column-gap:var(--global-kb-gap-sm, 1rem);}.kadence-column1146_c61e2e-c5 > .kt-inside-inner-col{flex-direction:column;}.kadence-column1146_c61e2e-c5 > .kt-inside-inner-col > .aligncenter{width:100%;}.kadence-column1146_c61e2e-c5 > .kt-inside-inner-col:before{opacity:0.3;}.kadence-column1146_c61e2e-c5{position:relative;}@media all and (max-width: 1024px){.kadence-column1146_c61e2e-c5 > .kt-inside-inner-col{flex-direction:column;justify-content:center;}}@media all and (max-width: 767px){.kadence-column1146_c61e2e-c5 > .kt-inside-inner-col{flex-direction:column;justify-content:center;}}<\/style>\n<div class=\"wp-block-kadence-column kadence-column1146_c61e2e-c5\"><div class=\"kt-inside-inner-col\"><style>.kb-posts-id-1146_08f927-9d .kb-post-list-item{display:grid;}<\/style><ul class=\"wp-block-kadence-posts kb-posts kadence-posts-list kb-posts-id-1146_08f927-9d content-wrap grid-cols kb-posts-style-boxed grid-sm-col-2 grid-lg-col-3 item-image-style-above\"><li class=\"kb-post-list-item\">\n\t<article class=\"entry content-bg loop-entry post-1125 post type-post status-publish format-standard has-post-thumbnail hentry\">\n\t\t\t\t<a aria-hidden=\"true\" tabindex=\"-1\" role=\"presentation\" class=\"post-thumbnail kadence-thumbnail-ratio-2-3\" href=\"https:\/\/restaurantlabamba.com\/es\/fresh-guacamole\/\" aria-label=\"Fresh Guacamole\">\n\t\t\t<div class=\"post-thumbnail-inner\">\n\t\t\t\t<img loading=\"lazy\" decoding=\"async\" width=\"768\" height=\"1152\" src=\"https:\/\/restaurantlabamba.com\/wp-content\/uploads\/2025\/08\/2743-768x1152.jpg\" class=\"attachment-medium_large size-medium_large wp-post-image\" alt=\"Fresh Guacamole\" srcset=\"https:\/\/restaurantlabamba.com\/wp-content\/uploads\/2025\/08\/2743-768x1152.jpg 768w, https:\/\/restaurantlabamba.com\/wp-content\/uploads\/2025\/08\/2743-200x300.jpg 200w, https:\/\/restaurantlabamba.com\/wp-content\/uploads\/2025\/08\/2743-682x1024.jpg 682w, https:\/\/restaurantlabamba.com\/wp-content\/uploads\/2025\/08\/2743-1024x1536.jpg 1024w, https:\/\/restaurantlabamba.com\/wp-content\/uploads\/2025\/08\/2743-8x12.jpg 8w, https:\/\/restaurantlabamba.com\/wp-content\/uploads\/2025\/08\/2743-600x900.jpg 600w, https:\/\/restaurantlabamba.com\/wp-content\/uploads\/2025\/08\/2743.jpg 1333w\" sizes=\"auto, (max-width: 768px) 100vw, 768px\" \/>\t\t\t<\/div>\n\t\t<\/a><!-- .post-thumbnail -->\n\t\t\t\t<div class=\"entry-content-wrap\">\n\t\t\t<header class=\"entry-header\">\n\t\t<div class=\"entry-taxonomies\">\n\t\t<span class=\"category-links term-links category-style-normal\">\n\t\t\t\t\t<\/span>\n\t<\/div><!-- .entry-taxonomies -->\n\t<h2 class=\"entry-title\"><a href=\"https:\/\/restaurantlabamba.com\/es\/fresh-guacamole\/\" rel=\"bookmark\">Fresh Guacamole<\/a><\/h2><\/header><!-- .entry-header -->\n\t<div class=\"entry-summary\">\n\t\t<p>Creamy, fresh, and bursting with flavor, this homemade guacamole is the perfect blend of ripe avocados, zesty lime, and fresh&#8230;<\/p>\n\t<\/div><!-- .entry-summary -->\n\t<footer class=\"entry-footer\">\n\t\t\t<div class=\"entry-actions\">\n\t\t\t<p class=\"more-link-wrap\">\n\t\t\t\t<a href=\"https:\/\/restaurantlabamba.com\/es\/fresh-guacamole\/\" class=\"post-more-link\">\n\t\t\t\t\tLeer m\u00e1s<span class=\"screen-reader-text\"> Fresh Guacamole<\/span><span class=\"kadence-svg-iconset svg-baseline\"><svg aria-hidden=\"true\" class=\"kadence-svg-icon kadence-arrow-right-alt-svg\" fill=\"currentColor\" version=\"1.1\" xmlns=\"http:\/\/www.w3.org\/2000\/svg\" width=\"27\" height=\"28\" viewBox=\"0 0 27 28\"><title>Continuar<\/title><path d=\"M27 13.953c0 0.141-0.063 0.281-0.156 0.375l-6 5.531c-0.156 0.141-0.359 0.172-0.547 0.094-0.172-0.078-0.297-0.25-0.297-0.453v-3.5h-19.5c-0.281 0-0.5-0.219-0.5-0.5v-3c0-0.281 0.219-0.5 0.5-0.5h19.5v-3.5c0-0.203 0.109-0.375 0.297-0.453s0.391-0.047 0.547 0.078l6 5.469c0.094 0.094 0.156 0.219 0.156 0.359v0z\"><\/path>\n\t\t\t<\/svg><\/span>\t\t\t\t<\/a>\n\t\t\t<\/p>\n\t\t<\/div><!-- .entry-actions -->\n\t\t<\/footer><!-- .entry-footer -->\t\t<\/div>\n\t<\/article>\n<\/li>\n<li class=\"kb-post-list-item\">\n\t<article class=\"entry content-bg loop-entry post-1109 post type-post status-publish format-standard has-post-thumbnail hentry\">\n\t\t\t\t<a aria-hidden=\"true\" tabindex=\"-1\" role=\"presentation\" class=\"post-thumbnail kadence-thumbnail-ratio-2-3\" href=\"https:\/\/restaurantlabamba.com\/es\/grilled-chicken-tacos\/\" aria-label=\"Grilled Chicken Tacos\">\n\t\t\t<div class=\"post-thumbnail-inner\">\n\t\t\t\t<img loading=\"lazy\" decoding=\"async\" width=\"768\" height=\"512\" src=\"https:\/\/restaurantlabamba.com\/wp-content\/uploads\/2025\/08\/14221-768x512.jpg\" class=\"attachment-medium_large size-medium_large wp-post-image\" alt=\"Grilled Chicken Tacos\" srcset=\"https:\/\/restaurantlabamba.com\/wp-content\/uploads\/2025\/08\/14221-768x512.jpg 768w, https:\/\/restaurantlabamba.com\/wp-content\/uploads\/2025\/08\/14221-300x200.jpg 300w, https:\/\/restaurantlabamba.com\/wp-content\/uploads\/2025\/08\/14221-1024x682.jpg 1024w, https:\/\/restaurantlabamba.com\/wp-content\/uploads\/2025\/08\/14221-1536x1024.jpg 1536w, https:\/\/restaurantlabamba.com\/wp-content\/uploads\/2025\/08\/14221-600x400.jpg 600w, https:\/\/restaurantlabamba.com\/wp-content\/uploads\/2025\/08\/14221.jpg 2000w\" sizes=\"auto, (max-width: 768px) 100vw, 768px\" \/>\t\t\t<\/div>\n\t\t<\/a><!-- .post-thumbnail -->\n\t\t\t\t<div class=\"entry-content-wrap\">\n\t\t\t<header class=\"entry-header\">\n\t\t<div class=\"entry-taxonomies\">\n\t\t<span class=\"category-links term-links category-style-normal\">\n\t\t\t\t\t<\/span>\n\t<\/div><!-- .entry-taxonomies -->\n\t<h2 class=\"entry-title\"><a href=\"https:\/\/restaurantlabamba.com\/es\/grilled-chicken-tacos\/\" rel=\"bookmark\">Grilled Chicken Tacos<\/a><\/h2><\/header><!-- .entry-header -->\n\t<div class=\"entry-summary\">\n\t\t<p>Bursting with bold flavors and vibrant colors, these grilled chicken tacos are a delicious blend of smoky spices, fresh herbs,&#8230;<\/p>\n\t<\/div><!-- .entry-summary -->\n\t<footer class=\"entry-footer\">\n\t\t\t<div class=\"entry-actions\">\n\t\t\t<p class=\"more-link-wrap\">\n\t\t\t\t<a href=\"https:\/\/restaurantlabamba.com\/es\/grilled-chicken-tacos\/\" class=\"post-more-link\">\n\t\t\t\t\tLeer m\u00e1s<span class=\"screen-reader-text\"> Grilled Chicken Tacos<\/span><span class=\"kadence-svg-iconset svg-baseline\"><svg aria-hidden=\"true\" class=\"kadence-svg-icon kadence-arrow-right-alt-svg\" fill=\"currentColor\" version=\"1.1\" xmlns=\"http:\/\/www.w3.org\/2000\/svg\" width=\"27\" height=\"28\" viewBox=\"0 0 27 28\"><title>Continuar<\/title><path d=\"M27 13.953c0 0.141-0.063 0.281-0.156 0.375l-6 5.531c-0.156 0.141-0.359 0.172-0.547 0.094-0.172-0.078-0.297-0.25-0.297-0.453v-3.5h-19.5c-0.281 0-0.5-0.219-0.5-0.5v-3c0-0.281 0.219-0.5 0.5-0.5h19.5v-3.5c0-0.203 0.109-0.375 0.297-0.453s0.391-0.047 0.547 0.078l6 5.469c0.094 0.094 0.156 0.219 0.156 0.359v0z\"><\/path>\n\t\t\t<\/svg><\/span>\t\t\t\t<\/a>\n\t\t\t<\/p>\n\t\t<\/div><!-- .entry-actions -->\n\t\t<\/footer><!-- .entry-footer -->\t\t<\/div>\n\t<\/article>\n<\/li>\n<li class=\"kb-post-list-item\">\n\t<article class=\"entry content-bg loop-entry post-1315 post type-post status-publish format-standard hentry\">\n\t\t\t\t<div class=\"entry-content-wrap\">\n\t\t\t<header class=\"entry-header\">\n\t\t<div class=\"entry-taxonomies\">\n\t\t<span class=\"category-links term-links category-style-normal\">\n\t\t\t\t\t<\/span>\n\t<\/div><!-- .entry-taxonomies -->\n\t<h2 class=\"entry-title\"><a href=\"https:\/\/restaurantlabamba.com\/es\/aktif-blackjack-oyunlarinda-latin-amerika-pazarina-karsilastirmali-bir-goz-at\/\" rel=\"bookmark\">Aktif Blackjack Oyunlar\u0131nda Latin Amerika Pazar\u0131na Kar\u015f\u0131la\u015ft\u0131rmal\u0131 Bir G\u00f6z At<\/a><\/h2><\/header><!-- .entry-header -->\n\t<div class=\"entry-summary\">\n\t\t<p>Blackjack olarak bilinen kart oyunu 21, d\u00fcnya \u00f6l\u00e7\u00fcs\u00fcnde \u00fcn kazanm\u0131\u015f bir e\u011flence formudur. Kar\u015f\u0131la\u015ft\u0131rmal\u0131 bir inceleme olarak, Latin Amerika pazar\u0131ndaki&#8230;<\/p>\n\t<\/div><!-- .entry-summary -->\n\t<footer class=\"entry-footer\">\n\t\t\t<div class=\"entry-actions\">\n\t\t\t<p class=\"more-link-wrap\">\n\t\t\t\t<a href=\"https:\/\/restaurantlabamba.com\/es\/aktif-blackjack-oyunlarinda-latin-amerika-pazarina-karsilastirmali-bir-goz-at\/\" class=\"post-more-link\">\n\t\t\t\t\tLeer m\u00e1s<span class=\"screen-reader-text\"> Aktif Blackjack Oyunlar\u0131nda Latin Amerika Pazar\u0131na Kar\u015f\u0131la\u015ft\u0131rmal\u0131 Bir G\u00f6z At<\/span><span class=\"kadence-svg-iconset svg-baseline\"><svg aria-hidden=\"true\" class=\"kadence-svg-icon kadence-arrow-right-alt-svg\" fill=\"currentColor\" version=\"1.1\" xmlns=\"http:\/\/www.w3.org\/2000\/svg\" width=\"27\" height=\"28\" viewBox=\"0 0 27 28\"><title>Continuar<\/title><path d=\"M27 13.953c0 0.141-0.063 0.281-0.156 0.375l-6 5.531c-0.156 0.141-0.359 0.172-0.547 0.094-0.172-0.078-0.297-0.25-0.297-0.453v-3.5h-19.5c-0.281 0-0.5-0.219-0.5-0.5v-3c0-0.281 0.219-0.5 0.5-0.5h19.5v-3.5c0-0.203 0.109-0.375 0.297-0.453s0.391-0.047 0.547 0.078l6 5.469c0.094 0.094 0.156 0.219 0.156 0.359v0z\"><\/path>\n\t\t\t<\/svg><\/span>\t\t\t\t<\/a>\n\t\t\t<\/p>\n\t\t<\/div><!-- .entry-actions -->\n\t\t<\/footer><!-- .entry-footer -->\t\t<\/div>\n\t<\/article>\n<\/li>\n<li class=\"kb-post-list-item\">\n\t<article class=\"entry content-bg loop-entry post-1314 post type-post status-publish format-standard hentry\">\n\t\t\t\t<div class=\"entry-content-wrap\">\n\t\t\t<header class=\"entry-header\">\n\t\t<div class=\"entry-taxonomies\">\n\t\t<span class=\"category-links term-links category-style-normal\">\n\t\t\t\t\t<\/span>\n\t<\/div><!-- .entry-taxonomies -->\n\t<h2 class=\"entry-title\"><a href=\"https:\/\/restaurantlabamba.com\/es\/avrupa-ruleti-baslangic-katilimcilara-icin-yol-haritasi-guvenlik-ve-lisans-anahtar\/\" rel=\"bookmark\">Avrupa Ruleti Ba\u015flang\u0131\u00e7 Kat\u0131l\u0131mc\u0131lara i\u00e7in Yol Haritas\u0131 G\u00fcvenlik ve Lisans Anahtar<\/a><\/h2><\/header><!-- .entry-header -->\n\t<div class=\"entry-summary\">\n\t\t<p>Avrupa ruleti d\u00fcnya \u00f6l\u00e7\u00fcs\u00fcnde kat\u0131l\u0131mc\u0131lara aras\u0131nda \u00fcn kazanm\u0131\u015f bir \u015fans oyunlar\u0131 evi oyunu temsil etmektedir. 2024 y\u0131l\u0131 projeksiyonlar\u0131na bak\u0131ld\u0131\u011f\u0131nda, Ge\u00e7en&#8230;<\/p>\n\t<\/div><!-- .entry-summary -->\n\t<footer class=\"entry-footer\">\n\t\t\t<div class=\"entry-actions\">\n\t\t\t<p class=\"more-link-wrap\">\n\t\t\t\t<a href=\"https:\/\/restaurantlabamba.com\/es\/avrupa-ruleti-baslangic-katilimcilara-icin-yol-haritasi-guvenlik-ve-lisans-anahtar\/\" class=\"post-more-link\">\n\t\t\t\t\tLeer m\u00e1s<span class=\"screen-reader-text\"> Avrupa Ruleti Ba\u015flang\u0131\u00e7 Kat\u0131l\u0131mc\u0131lara i\u00e7in Yol Haritas\u0131 G\u00fcvenlik ve Lisans Anahtar<\/span><span class=\"kadence-svg-iconset svg-baseline\"><svg aria-hidden=\"true\" class=\"kadence-svg-icon kadence-arrow-right-alt-svg\" fill=\"currentColor\" version=\"1.1\" xmlns=\"http:\/\/www.w3.org\/2000\/svg\" width=\"27\" height=\"28\" viewBox=\"0 0 27 28\"><title>Continuar<\/title><path d=\"M27 13.953c0 0.141-0.063 0.281-0.156 0.375l-6 5.531c-0.156 0.141-0.359 0.172-0.547 0.094-0.172-0.078-0.297-0.25-0.297-0.453v-3.5h-19.5c-0.281 0-0.5-0.219-0.5-0.5v-3c0-0.281 0.219-0.5 0.5-0.5h19.5v-3.5c0-0.203 0.109-0.375 0.297-0.453s0.391-0.047 0.547 0.078l6 5.469c0.094 0.094 0.156 0.219 0.156 0.359v0z\"><\/path>\n\t\t\t<\/svg><\/span>\t\t\t\t<\/a>\n\t\t\t<\/p>\n\t\t<\/div><!-- .entry-actions -->\n\t\t<\/footer><!-- .entry-footer -->\t\t<\/div>\n\t<\/article>\n<\/li>\n<li class=\"kb-post-list-item\">\n\t<article class=\"entry content-bg loop-entry post-1313 post type-post status-publish format-standard hentry\">\n\t\t\t\t<div class=\"entry-content-wrap\">\n\t\t\t<header class=\"entry-header\">\n\t\t<div class=\"entry-taxonomies\">\n\t\t<span class=\"category-links term-links category-style-normal\">\n\t\t\t\t\t<\/span>\n\t<\/div><!-- .entry-taxonomies -->\n\t<h2 class=\"entry-title\"><a href=\"https:\/\/restaurantlabamba.com\/es\/punto-banco-sistemleri-uzerine-uluslararasi-hukuki-duzenlemeler-karsilastirmali-veri-analizi\/\" rel=\"bookmark\">Punto Banco Sistemleri \u00dczerine Uluslararas\u0131 Hukuki D\u00fczenlemeler Kar\u015f\u0131la\u015ft\u0131rmal\u0131 Veri Analizi<\/a><\/h2><\/header><!-- .entry-header -->\n\t<div class=\"entry-summary\">\n\t\t<p>Baccarat oyunu uluslararas\u0131 bir perspektif ile hukuki d\u00fczenlemeler a\u00e7\u0131s\u0131ndan bir kar\u015f\u0131la\u015ft\u0131rmal\u0131 inceleme konusu olarak dikkat incele edebilirsiniz. Ge\u00e7en D\u00f6nemlerde Kumar&#8230;<\/p>\n\t<\/div><!-- .entry-summary -->\n\t<footer class=\"entry-footer\">\n\t\t\t<div class=\"entry-actions\">\n\t\t\t<p class=\"more-link-wrap\">\n\t\t\t\t<a href=\"https:\/\/restaurantlabamba.com\/es\/punto-banco-sistemleri-uzerine-uluslararasi-hukuki-duzenlemeler-karsilastirmali-veri-analizi\/\" class=\"post-more-link\">\n\t\t\t\t\tLeer m\u00e1s<span class=\"screen-reader-text\"> Punto Banco Sistemleri \u00dczerine Uluslararas\u0131 Hukuki D\u00fczenlemeler Kar\u015f\u0131la\u015ft\u0131rmal\u0131 Veri Analizi<\/span><span class=\"kadence-svg-iconset svg-baseline\"><svg aria-hidden=\"true\" class=\"kadence-svg-icon kadence-arrow-right-alt-svg\" fill=\"currentColor\" version=\"1.1\" xmlns=\"http:\/\/www.w3.org\/2000\/svg\" width=\"27\" height=\"28\" viewBox=\"0 0 27 28\"><title>Continuar<\/title><path d=\"M27 13.953c0 0.141-0.063 0.281-0.156 0.375l-6 5.531c-0.156 0.141-0.359 0.172-0.547 0.094-0.172-0.078-0.297-0.25-0.297-0.453v-3.5h-19.5c-0.281 0-0.5-0.219-0.5-0.5v-3c0-0.281 0.219-0.5 0.5-0.5h19.5v-3.5c0-0.203 0.109-0.375 0.297-0.453s0.391-0.047 0.547 0.078l6 5.469c0.094 0.094 0.156 0.219 0.156 0.359v0z\"><\/path>\n\t\t\t<\/svg><\/span>\t\t\t\t<\/a>\n\t\t\t<\/p>\n\t\t<\/div><!-- .entry-actions -->\n\t\t<\/footer><!-- .entry-footer -->\t\t<\/div>\n\t<\/article>\n<\/li>\n<\/ul><\/div><\/div>\n\n<\/div><\/div>","protected":false},"excerpt":{"rendered":"<p>Recetas<\/p>","protected":false},"author":1,"featured_media":0,"parent":0,"menu_order":0,"comment_status":"closed","ping_status":"closed","template":"","meta":{"_kad_blocks_custom_css":"","_kad_blocks_head_custom_js":"","_kad_blocks_body_custom_js":"","_kad_blocks_footer_custom_js":"","_kadence_starter_templates_imported_post":false,"_kad_post_transparent":"disable","_kad_post_title":"hide","_kad_post_layout":"fullwidth","_kad_post_sidebar_id":"","_kad_post_content_style":"unboxed","_kad_post_vertical_padding":"hide","_kad_post_feature":"hide","_kad_post_feature_position":"","_kad_post_header":false,"_kad_post_footer":false,"_kad_post_classname":"","footnotes":""},"class_list":["post-1146","page","type-page","status-publish","hentry"],"taxonomy_info":[],"featured_image_src_large":false,"author_info":{"display_name":"352005pwpadmin","author_link":"https:\/\/restaurantlabamba.com\/es\/author\/352005pwpadmin\/"},"comment_info":0,"_links":{"self":[{"href":"https:\/\/restaurantlabamba.com\/es\/wp-json\/wp\/v2\/pages\/1146","targetHints":{"allow":["GET"]}}],"collection":[{"href":"https:\/\/restaurantlabamba.com\/es\/wp-json\/wp\/v2\/pages"}],"about":[{"href":"https:\/\/restaurantlabamba.com\/es\/wp-json\/wp\/v2\/types\/page"}],"author":[{"embeddable":true,"href":"https:\/\/restaurantlabamba.com\/es\/wp-json\/wp\/v2\/users\/1"}],"replies":[{"embeddable":true,"href":"https:\/\/restaurantlabamba.com\/es\/wp-json\/wp\/v2\/comments?post=1146"}],"version-history":[{"count":8,"href":"https:\/\/restaurantlabamba.com\/es\/wp-json\/wp\/v2\/pages\/1146\/revisions"}],"predecessor-version":[{"id":1233,"href":"https:\/\/restaurantlabamba.com\/es\/wp-json\/wp\/v2\/pages\/1146\/revisions\/1233"}],"wp:attachment":[{"href":"https:\/\/restaurantlabamba.com\/es\/wp-json\/wp\/v2\/media?parent=1146"}],"curies":[{"name":"wp","href":"https:\/\/api.w.org\/{rel}","templated":true}]}}